{"id":4,"date":"2016-09-08T09:52:01","date_gmt":"2016-09-08T09:52:01","guid":{"rendered":"http:\/\/startit.rs\/znamdamozemo\/?page_id=4"},"modified":"2017-09-21T08:53:25","modified_gmt":"2017-09-21T08:53:25","slug":"pocetna","status":"publish","type":"page","link":"https:\/\/startit.rs\/znamdamozemo\/","title":{"rendered":"Po\u010detna"},"content":{"rendered":"<p><a class=\"big-green-btn\" href=\"#coming-up\">Prijavi se \u2014 SREDA, 27. septembra u 18\u010d<\/a><br \/>\nPridru\u017eite nam se u sredu, <strong>27. septembra u Domu Omladine Beograda ili u bilo kom od Startit Centara<\/strong> (<a href=\"https:\/\/www.facebook.com\/events\/1590574264346527\/?context=create&amp;previousaction=create&amp;ref=5&amp;page_id_source=315610678825063&amp;sid_create=367427522&amp;action_history=[%7B%22surface%22%3A%22create_dialog%22%2C%22mechanism%22%3A%22page_create_dialog%22%2C%22extra_data%22%3A[]%7D]&amp;has_source=1\" target=\"_blank\" rel=\"noopener\">Novi Sad<\/a>, <a href=\"https:\/\/www.facebook.com\/events\/519707821701904\/?context=create&amp;previousaction=create&amp;ref=42&amp;sid_create=3095679588&amp;action_history=[%7B%22surface%22%3A%22create_dialog%22%2C%22mechanism%22%3A%22page_create_dialog%22%2C%22extra_data%22%3A[]%7D]&amp;has_source=1\" target=\"_blank\" rel=\"noopener\">Valjevo<\/a>, <a href=\"https:\/\/www.facebook.com\/events\/1544809305564596\/permalink\/1544809328897927\/?action_history=null\" target=\"_blank\" rel=\"noopener\">Zrenjanin<\/a>, <a href=\"https:\/\/www.facebook.com\/events\/1867134399968182\/?context=create&amp;previousaction=create&amp;sid_create=3295085872&amp;action_history=[%7B%22surface%22%3A%22page%22%2C%22mechanism%22%3A%22action_bar%22%2C%22extra_data%22%3A[]%7D%2C%7B%22surface%22%3A%22create_dialog%22%2C%22mechanism%22%3A%22page_create_dialog%22%2C%22extra_data%22%3A[]%7D]&amp;has_source=1\" target=\"_blank\" rel=\"noopener\">Vr\u0161ac<\/a>, <a href=\"https:\/\/www.facebook.com\/events\/140338903246267\/?acontext=%7B%22action_history%22%3A%22[%7B%5C%22surface%5C%22%3A%5C%22page%5C%22%2C%5C%22mechanism%5C%22%3A%5C%22page_upcoming_events_card%5C%22%2C%5C%22extra_data%5C%22%3A[]%7D]%22%2C%22has_source%22%3Atrue%7D\" target=\"_blank\" rel=\"noopener\">In\u0111ija<\/a>, <a href=\"https:\/\/www.facebook.com\/events\/128630641115894\/?acontext=%7B%22ref%22%3A%222%22%2C%22ref_dashboard_filter%22%3A%22upcoming%22%2C%22sid_create%22%3A%224271345200%22%2C%22action_history%22%3A%22[%7B%5C%22surface%5C%22%3A%5C%22dashboard%5C%22%2C%5C%22mechanism%5C%22%3A%5C%22main_list%5C%22%2C%5C%22extra_data%5C%22%3A[]%7D]%22%2C%22page_id_source%22%3A%221735258669826548%22%7D\" target=\"_blank\" rel=\"noopener\">Subotica<\/a>) u kojima \u0107emo u\u017eivo emitovati prenos doga\u0111aja, kao i u <a href=\"https:\/\/www.facebook.com\/events\/272172196607017\/?acontext=%7B%22ref%22%3A%2229%22%2C%22ref_notif_type%22%3A%22plan_user_invited%22%2C%22action_history%22%3A%22null%22%7D&amp;ref=notif&amp;notif_t=plan_user_invited&amp;notif_id=1505895189603936\" target=\"_blank\" rel=\"noopener\">Mokrin House-u<\/a> i <a href=\"https:\/\/www.facebook.com\/events\/116776335668081\/?acontext=%7B%22action_history%22%3A%22%5B%7B%5C%22surface%5C%22%3A%5C%22messaging%5C%22%2C%5C%22mechanism%5C%22%3A%5C%22attachment%5C%22%2C%5C%22extra_data%5C%22%3A%7B%7D%7D%5D%22%7D\" target=\"_blank\" rel=\"noopener\">\u0160apcu<\/a>.<\/p>\n<p style=\"margin: 30px auto; text-align: center;\"><a style=\"padding: 15px 0; background-color: #068e02; color: #fff; border-bottom: none; width: 90%; max-width: 400px; display: inline-block;\" href=\"https:\/\/docs.google.com\/forms\/d\/e\/1FAIpQLSdcNuSHLSgyvn2krfnel0-_BCy9MTyGRwYu4o9Y0ByAr0XNUA\/viewform\" target=\"_blank\" rel=\"noopener\">PRIJAVI SE<\/a><\/p>\n<h2>Znam da mo\u017eemo<\/h2>\n<p><img loading=\"lazy\" decoding=\"async\" class=\"alignnone wp-image-13 size-full\" src=\"http:\/\/startit.rs\/media\/2016\/09\/img.jpg\" alt=\"\" width=\"700\" height=\"368\" srcset=\"https:\/\/startit.rs\/media\/2016\/09\/img.jpg 700w, https:\/\/startit.rs\/media\/2016\/09\/img-300x158.jpg 300w\" sizes=\"(max-width: 700px) 100vw, 700px\" \/><\/p>\n<p><strong>Znam da mo\u017eemo<\/strong> je tu da afirmi\u0161e i da podr\u0161ku uspesima preduzimljivih mladih koji su pokazali da je u Srbiji mogu\u0107e graditi svetsku karijeru i biznis. Ovo je pri\u010da o onima koji ostaju u Srbiji ili se u nju vra\u0107aju i posti\u017eu uspehe, o onima koji su prona\u0161li put za sebe. Ovo je, stoga, pri\u010da o IT-u i digitalizaciji.<\/p>\n<p>Ovog septembra organizujemo tre\u0107e po redu okupljanje pod nazivom \u201eZnam da mo\u017eemo\u201d, na kome \u0107emo jo\u0161 jednom podvu\u0107i crtu razvoja doma\u0107e IT zajednice u prethodnoj godini, i napraviti pregled naredne. Fokus ovogodi\u0161njeg \u201eZnam da mo\u017eemo\u201d \u0107e biti na razvoju lokalnih zajednica kao slede\u0107em velikom koraku za srpski IT \u2014 zato smo odlu\u010dili da pored doga\u0111aja u Beogradu organizujemo i prenos u\u017eivo za ljude na lokalu.<\/p>\n<h2>Slede\u0107e velike prilike<\/h2>\n<p>Deluje da smo svi mi iz IT zajednice\/industrije dobili dosta razloga za optimizam u narednom periodu. Nastavljeno je kreiranje udru\u017eenja posve\u0107enih na\u0161em daljem razvoju \u2014 primera radi, <strong>Digitalnu Srbiju su pokrenule neke od najostvarenijih doma\u0107ih IT kompanija<\/strong>.<\/p>\n<p>Od ove godine \u0107e <strong>\u0161estaci u\u010diti da programiraju u Pythonu<\/strong>, a za sve to vreme srpske firme nastavljaju da <a href=\"https:\/\/startit.rs\/seven-bridges-ce-razviti-novi-data-centar-za-lecenje-decjih-bolesti-u-sad-u\/\" target=\"_blank\" rel=\"noopener\">posti\u017eu<\/a> <a href=\"https:\/\/startit.rs\/nordeusov-top-eleven-je-od-danas-sponzor-kluba-premier-lige-stoke-city-a\/\" target=\"_blank\" rel=\"noopener\">fine rezultate<\/a> <a href=\"https:\/\/startit.rs\/srpsko-americki-startap-frame-uzeo-investiciju-od-16-miliona-dolara-za-dalje-sirenje\/\" target=\"_blank\" rel=\"noopener\">na globalnom polju<\/a>. U Startitu verujemo da slede\u0107a velika prilika za srpski IT le\u017ei u kreiranju lokalnih zajednica tamo gde \u017eivi najve\u0107i deo stanovni\u0161tva i gde je potreba za ekonomskim razvojem i znanjem najizra\u017eenija \u2013 <strong>izvan velikih gradova<\/strong>.<\/p>\n<p>Iako u tom poduhvatu te\u0161ko mo\u017ee biti lakih ili brzih pobeda, verujemo da je to u ovom trenutku najbolja investicija koju mo\u017eemo napraviti na dugi rok. Pored toga \u0161to tako mo\u017eemo maksimizovati bazu talenta i kreirati budu\u0107e kolege, na ovaj na\u010din delujemo dru\u0161tveno odgovorno, pru\u017eaju\u0107i vredna znanja onim sugra\u0111anima koji ne \u017eive u najrazvijenijim mestima.<\/p>\n<p>Pored tradicionalnog pregleda najve\u0107ih novosti od prethodne godine, osvrta na startap scenu, predstavi\u0107emo vam rezultate svih organizacija koje su radile na razvoju lokalnih zajednica, i barem jedan veliki novi projekat koji pokre\u0107emo naredne godine.<\/p>\n<h2>Agenda<\/h2>\n<blockquote><p><strong>18:00<\/strong> \u2014 Dobrodo\u0161lica<br \/>\n<strong>18:05<\/strong> \u2014 Pregled razvoja srpskog IT-a prethodne godine<br \/>\n<strong>18:20<\/strong> \u2014 Milan Simi\u0107 (Telekom): Za\u0161to je va\u017eno da korporacije podr\u017eavaju razvoj startapa<br \/>\n<strong>18:30<\/strong> \u2014 Vukan Simi\u0107 (FishingBooker): Za\u0161to je Srbija sjajno mesto za pokretanje startapa<br \/>\n<strong>18:45<\/strong> \u2014 Igor Bogi\u0107evi\u0107 (Seven Bridges) o pokretanju (biotehnolo\u0161kog) startapa u Srbiji<br \/>\n<strong>19:00<\/strong> \u2014 Nemanja \u010cedomirovi\u0107: Prvih 100 dana Digitalne Srbije<br \/>\n<strong>19:10<\/strong> \u2014\u00a0Za\u0161to i kako gradimo lokalne zajednice<br \/>\n<strong>19:20<\/strong> \u2014 Ekskluzivna najava \u2014 slede\u0107e velike stvari<br \/>\n<strong>19:30<\/strong> \u2014 Kraj doga\u0111aja<\/p><\/blockquote>\n<p><strong>Vidimo se 27. septembra od 18 \u010dasova u velikoj sali Doma omladine ili u nekom od lokalnih Startit Centara.<\/strong><\/p>\n<p style=\"margin: 30px auto; text-align: center;\"><a style=\"padding: 15px 0; background-color: #068e02; color: #fff; border-bottom: none; width: 90%; max-width: 400px; display: inline-block;\" href=\"https:\/\/docs.google.com\/forms\/d\/e\/1FAIpQLSdcNuSHLSgyvn2krfnel0-_BCy9MTyGRwYu4o9Y0ByAr0XNUA\/viewform\" target=\"_blank\" rel=\"noopener\">PRIJAVI SE<\/a><\/p>\n<p>SEE ICT je neprofitna organizacija osnovana 2010. godine sa misijom stvaranja podsticajnog okru\u017eenja za tehnolo\u0161ki razvoj u Srbiji. Kroz vi\u0161e od 200 projekata i doga\u0111aja organizacije dosegnuto je 100.000 ljudi, a kao pionir razvoja doma\u0107e startap zajednice pomogla je da startapi iz njenog programa prikupe 70% investicionih rundi realizovanih u Srbiji. Svoje aktivnosti realizuje u celoj zemlji kroz Startit Centre u 8 gradova u Srbiji i internet portal Startit.rs<\/p>\n<p><strong>Znam da mo\u017eemo<\/strong> je pri\u010da i o nama i drugim organizacijama koje grade doma\u0107u IT scenu. Uz premijerne najave to \u0107e biti i pri\u010da o zna\u010dajnim novim koracima koji o\u010dekuju <strong>srpsku IT i startap zajednicu u budu\u0107nosti<\/strong>.<\/p>\n","protected":false},"excerpt":{"rendered":"<p>Prijavi se \u2014 SREDA, 27. septembra u 18\u010d Pridru\u017eite nam se u sredu, 27. septembra u Domu Omladine Beograda ili...<\/p>\n","protected":false},"author":1001245,"featured_media":0,"parent":0,"menu_order":0,"comment_status":"open","ping_status":"open","template":"","meta":{"_acf_changed":false,"footnotes":""},"acf":[],"_links":{"self":[{"href":"https:\/\/startit.rs\/znamdamozemo\/wp-json\/wp\/v2\/pages\/4"}],"collection":[{"href":"https:\/\/startit.rs\/znamdamozemo\/wp-json\/wp\/v2\/pages"}],"about":[{"href":"https:\/\/startit.rs\/znamdamozemo\/wp-json\/wp\/v2\/types\/page"}],"author":[{"embeddable":true,"href":"https:\/\/startit.rs\/znamdamozemo\/wp-json\/wp\/v2\/users\/1001245"}],"replies":[{"embeddable":true,"href":"https:\/\/startit.rs\/znamdamozemo\/wp-json\/wp\/v2\/comments?post=4"}],"version-history":[{"count":14,"href":"https:\/\/startit.rs\/znamdamozemo\/wp-json\/wp\/v2\/pages\/4\/revisions"}],"predecessor-version":[{"id":21,"href":"https:\/\/startit.rs\/znamdamozemo\/wp-json\/wp\/v2\/pages\/4\/revisions\/21"}],"wp:attachment":[{"href":"https:\/\/startit.rs\/znamdamozemo\/wp-json\/wp\/v2\/media?parent=4"}],"curies":[{"name":"wp","href":"https:\/\/api.w.org\/{rel}","templated":true}]}}